{"id":1014,"date":"2026-03-09T16:34:23","date_gmt":"2026-03-09T16:34:23","guid":{"rendered":"https:\/\/formacioyogagirona.com\/kit-digital\/"},"modified":"2026-03-09T16:45:34","modified_gmt":"2026-03-09T16:45:34","slug":"kit-digital","status":"publish","type":"page","link":"https:\/\/formacioyogagirona.com\/ca\/kit-digital\/","title":{"rendered":"Kit Digital"},"content":{"rendered":"<p>Finan\u00e7at per la Uni\u00f3 Europea \u2013 NextGenerationEU. Tot i aix\u00f2, els punts de vista i les opinions expressades s\u00f3n \u00fanicament els de l\u2019autor o autors i no reflecteixen necess\u00e0riament els de la Uni\u00f3 Europea o la Comissi\u00f3 Europea. Ni la Uni\u00f3 Europea ni la Comissi\u00f3 Europea poden ser considerades responsables de les mateixes<\/p>\n<p><img decoding=\"async\" class=\"lazyload wp-image-997 size-full aligncenter\" src=\"https:\/\/formacioyogagirona.com\/wp-content\/uploads\/2026\/03\/kit-digital-logo2064x239-2048x237-1-1-2.png\" data-orig-src=\"https:\/\/formacioyogagirona.com\/wp-content\/uploads\/2026\/03\/kit-digital-logo2064x239-2048x237-1-1-2.png\" alt=\"\" width=\"2048\" height=\"237\" srcset=\"data:image\/svg+xml,%3Csvg%20xmlns%3D%27http%3A%2F%2Fwww.w3.org%2F2000%2Fsvg%27%20width%3D%272048%27%20height%3D%27237%27%20viewBox%3D%270%200%202048%20237%27%3E%3Crect%20width%3D%272048%27%20height%3D%27237%27%20fill-opacity%3D%220%22%2F%3E%3C%2Fsvg%3E\" data-srcset=\"https:\/\/formacioyogagirona.com\/wp-content\/uploads\/2026\/03\/kit-digital-logo2064x239-2048x237-1-1-2-200x23.png 200w, https:\/\/formacioyogagirona.com\/wp-content\/uploads\/2026\/03\/kit-digital-logo2064x239-2048x237-1-1-2-300x35.png 300w, https:\/\/formacioyogagirona.com\/wp-content\/uploads\/2026\/03\/kit-digital-logo2064x239-2048x237-1-1-2-400x46.png 400w, https:\/\/formacioyogagirona.com\/wp-content\/uploads\/2026\/03\/kit-digital-logo2064x239-2048x237-1-1-2-600x69.png 600w, https:\/\/formacioyogagirona.com\/wp-content\/uploads\/2026\/03\/kit-digital-logo2064x239-2048x237-1-1-2-768x89.png 768w, https:\/\/formacioyogagirona.com\/wp-content\/uploads\/2026\/03\/kit-digital-logo2064x239-2048x237-1-1-2-800x93.png 800w, https:\/\/formacioyogagirona.com\/wp-content\/uploads\/2026\/03\/kit-digital-logo2064x239-2048x237-1-1-2-1024x119.png 1024w, https:\/\/formacioyogagirona.com\/wp-content\/uploads\/2026\/03\/kit-digital-logo2064x239-2048x237-1-1-2-1200x139.png 1200w, https:\/\/formacioyogagirona.com\/wp-content\/uploads\/2026\/03\/kit-digital-logo2064x239-2048x237-1-1-2-1536x178.png 1536w, https:\/\/formacioyogagirona.com\/wp-content\/uploads\/2026\/03\/kit-digital-logo2064x239-2048x237-1-1-2.png 2048w\" data-sizes=\"auto\" data-orig-sizes=\"(max-width: 2048px) 100vw, 2048px\" \/><\/p>\n<p>&nbsp;<\/p>\n","protected":false},"excerpt":{"rendered":"<p>Finan\u00e7at per la Uni\u00f3 Europea \u2013 NextGenerationEU. Tot i aix\u00f2,<\/p>\n","protected":false},"author":1,"featured_media":0,"parent":0,"menu_order":350,"comment_status":"closed","ping_status":"closed","template":"","meta":{"footnotes":""},"class_list":["post-1014","page","type-page","status-publish","hentry"],"_links":{"self":[{"href":"https:\/\/formacioyogagirona.com\/ca\/wp-json\/wp\/v2\/pages\/1014","targetHints":{"allow":["GET"]}}],"collection":[{"href":"https:\/\/formacioyogagirona.com\/ca\/wp-json\/wp\/v2\/pages"}],"about":[{"href":"https:\/\/formacioyogagirona.com\/ca\/wp-json\/wp\/v2\/types\/page"}],"author":[{"embeddable":true,"href":"https:\/\/formacioyogagirona.com\/ca\/wp-json\/wp\/v2\/users\/1"}],"replies":[{"embeddable":true,"href":"https:\/\/formacioyogagirona.com\/ca\/wp-json\/wp\/v2\/comments?post=1014"}],"version-history":[{"count":1,"href":"https:\/\/formacioyogagirona.com\/ca\/wp-json\/wp\/v2\/pages\/1014\/revisions"}],"predecessor-version":[{"id":1016,"href":"https:\/\/formacioyogagirona.com\/ca\/wp-json\/wp\/v2\/pages\/1014\/revisions\/1016"}],"wp:attachment":[{"href":"https:\/\/formacioyogagirona.com\/ca\/wp-json\/wp\/v2\/media?parent=1014"}],"curies":[{"name":"wp","href":"https:\/\/api.w.org\/{rel}","templated":true}]}}